{"id":3826,"date":"2024-02-14T22:47:10","date_gmt":"2024-02-14T21:47:10","guid":{"rendered":"https:\/\/20.79.180.122\/?page_id=3826"},"modified":"2026-01-27T18:21:47","modified_gmt":"2026-01-27T17:21:47","slug":"takticno-tekmovanje","status":"publish","type":"page","link":"https:\/\/pgd-bizovik.si\/?page_id=3826","title":{"rendered":"Takt. tekm."},"content":{"rendered":"<p>Po ugibanjih in razpravljanjih nam je v veliko veselje, da vas lahko povabimo na 12. Takti\u010dno tekmovanje. Dogodek, v organizaciji PGD Bizovik, Lipoglav, Sostro, Zalog \u2013 Spodnji Ka\u0161elj in Zgornji Ka\u0161elj, bo potekal v soboto, 20. 04. 2024, z za\u010detkom ob 8.00, na obmo\u010dju sektorja Vzhod Gasilske zveze Ljubljana.<\/p>\n<p>Dogodek bo v osnovi zajemal 5 delovi\u0161\u010d, na katerih bo potrebno pokazati znanje iz razli\u010dnih gasilskih podro\u010dij in kjer bodo do izraza pri\u0161li dobra komunikacija, na\u010drtovanje ter ekipni duh. A kot pripadniki interventne slu\u017ebe bodimo pripravljeni tudi na kak\u0161en nenapovedan dogodek<\/p>\n<p><strong>Pogoji za ekipo:<\/strong><\/p>\n<ul>\n<li>6 \u010dlanov\/\u010dlanic, z opravljenim te\u010dajem za operativnega gasilca,<\/li>\n<li>pri vseh \u010dlanih ekipe veljavno zdravni\u0161ko spri\u010devalo (minimalno 3. \u010dlen),<\/li>\n<li>ve\u0161\u010dine in znanje s podro\u010dja prve nujne medicinske pomo\u010di,<\/li>\n<li>ve\u0161\u010dine in znanje uporabe in dela z izolirnim dihalnim aparatom,<\/li>\n<li>dobra fizi\u010dna pripravljenost.<\/li>\n<\/ul>\n<p>Ob registraciji na dan dogodka, bo komisija preverjala izpise iz Vulkana, katere mora imeti ekipa s seboj.<\/p>\n<p><strong>Oprema, ki jo mora zagotoviti posamezna ekipa sama:<\/strong><\/p>\n<ul>\n<li>popolna osebna za\u0161\u010ditna oprema za vsakega \u010dlana\/\u010dlanico (tudi delovni pas in podkapa),<\/li>\n<li>2 izolirna dihalna aparata s pripadajo\u010do opremo (2 polni tla\u010dni posodi, 2 obrazni maski),<\/li>\n<li>oprema za nudenje PNMP (zajemalna nosila s pripadajo\u010do opremo, komplet odrasle in otro\u0161ke vratne opornice, torba z opremo + kisik)<\/li>\n<\/ul>\n<p>Vso ostalo opremo, potrebno na delovi\u0161\u010dih, priskrbi organizator<\/p>\n<p>Zaradi dostopnosti nekaterih to\u010dk je priporo\u010deno, v kolikor je mogo\u010de, da se ekipe dogodkov udele\u017eijo z manj\u0161imi gasilskimi vozili (GVM, GV, GVV,\u2026)<\/p>\n<p><strong>Pogoji za prijavo:<\/strong><\/p>\n<ul>\n<li>Takti\u010dno tekmovanje je namenjeno PGD in GD GZ Ljubljana (max. 1 ekipa na PGD\/GD).<\/li>\n<li>prijave ekip sprejemamo do 15. 03. 2024. oz. do zapolnitve kapacitete \u0161tevila tekmovalnih ekip, preko povezave: <a href=\"https:\/\/forms.office.com\/e\/tUeGsDzDD4\">https:\/\/forms.office.com\/e\/tUeGsDzDD4<\/a><\/li>\n<li>Kotizacija zna\u0161a 18,30\u20ac\/osebo (15\u20ac + DDV). Za tekmovalno ekipo to zna\u0161a 109,80\u20ac (90\u20ac + DDV). V ceno je v\u0161teta prehrana in pija\u010da za posameznika.<\/li>\n<li>V kolikor bo imela ekipa \u0161e kak\u0161nega spremljevalca, navija\u010da,\u2026kateremu \u017eeli prav tako zagotoviti prehrano, je znesek 18,30\u20ac\/osebo (15\u20ac + DDV).<\/li>\n<li>Ra\u010dun za vpla\u010dan znesek bo ekipam izro\u010den ob registraciji, na dan dogodka<\/li>\n<\/ul>\n<p>Prijava je potrjena \u0161e le, ko je pla\u010dana skupna kotizacija za \u0161tevilo oseb, katere boste navedli v prijavi in potrdilo o pla\u010dilu posredovano na elektronski naslov <a href=\"mailto:tekmovanje@20.79.180.122\"><strong>tekmovanje@20.79.180.122<\/strong><\/a><strong>.<\/strong><\/p>\n<p>&nbsp;<\/p>\n<p><strong>Podatki za pla\u010dilo:<\/strong><\/p>\n<p><em>Naziv: Prostovoljno gasilsko dru\u0161tvo Bizovik<\/em><\/p>\n<p><em>Naslov: Bizovi\u0161ka cesta 15a, 1261 Ljubljana \u2013 Dobrunje<\/em><\/p>\n<p><em>TRR: SI56 6100 0001 2890 483<\/em><\/p>\n<p><em>Namen: naziv PGD + Takti\u010dno 2024<\/em><\/p>\n<p><em>Referenca: 00 in datum pla\u010dila<\/em><\/p>\n<p>&nbsp;<\/p>\n<p>Ostale podrobnosti o dogodku bodo prijavljene ekipe prejele naknadno, po zaklju\u010denem roku za prijavo.<\/p>\n<p style=\"text-align: left;\">Kontakt:<\/p>\n<p style=\"text-align: left;\">Suzana An\u017eur, PGD Bizovik<\/p>\n<p style=\"text-align: left;\">GSM: 041 571 840<\/p>\n<p style=\"text-align: left;\">e-mail: tekmovanje@20.79.180.122<\/p>\n","protected":false},"excerpt":{"rendered":"<p>Po ugibanjih in razpravljanjih nam je v veliko veselje, da vas lahko povabimo na 12. Takti\u010dno tekmovanje. Dogodek, v organizaciji<\/p>\n","protected":false},"author":6,"featured_media":0,"parent":0,"menu_order":0,"comment_status":"closed","ping_status":"closed","template":"","meta":{"_monsterinsights_skip_tracking":false,"_monsterinsights_sitenote_active":false,"_monsterinsights_sitenote_note":"","_monsterinsights_sitenote_category":0,"ngg_post_thumbnail":0,"footnotes":""},"class_list":["post-3826","page","type-page","status-publish","hentry"],"aioseo_notices":[],"amp_enabled":true,"_links":{"self":[{"href":"https:\/\/pgd-bizovik.si\/index.php?rest_route=\/wp\/v2\/pages\/3826","targetHints":{"allow":["GET"]}}],"collection":[{"href":"https:\/\/pgd-bizovik.si\/index.php?rest_route=\/wp\/v2\/pages"}],"about":[{"href":"https:\/\/pgd-bizovik.si\/index.php?rest_route=\/wp\/v2\/types\/page"}],"author":[{"embeddable":true,"href":"https:\/\/pgd-bizovik.si\/index.php?rest_route=\/wp\/v2\/users\/6"}],"replies":[{"embeddable":true,"href":"https:\/\/pgd-bizovik.si\/index.php?rest_route=%2Fwp%2Fv2%2Fcomments&post=3826"}],"version-history":[{"count":4,"href":"https:\/\/pgd-bizovik.si\/index.php?rest_route=\/wp\/v2\/pages\/3826\/revisions"}],"predecessor-version":[{"id":3933,"href":"https:\/\/pgd-bizovik.si\/index.php?rest_route=\/wp\/v2\/pages\/3826\/revisions\/3933"}],"wp:attachment":[{"href":"https:\/\/pgd-bizovik.si\/index.php?rest_route=%2Fwp%2Fv2%2Fmedia&parent=3826"}],"curies":[{"name":"wp","href":"https:\/\/api.w.org\/{rel}","templated":true}]}}