{"id":2037,"date":"2020-05-02T21:16:55","date_gmt":"2020-05-02T19:16:55","guid":{"rendered":"https:\/\/20.79.180.122\/?page_id=2037"},"modified":"2021-02-07T19:46:42","modified_gmt":"2021-02-07T18:46:42","slug":"dohodnina","status":"publish","type":"page","link":"https:\/\/pgd-bizovik.si\/?page_id=2037","title":{"rendered":"Dohodnina"},"content":{"rendered":"<header class=\"entry-header\">\n<h4 class=\"entry-title\"><strong><span style=\"font-size: 16px;\">Kako podariti 1% dohodnine?<\/span><\/strong><\/h4>\n<\/header>\n<div class=\"entry-content clearfix\">\n<div>\n<p>Najprej se odlo\u010dite za do najve\u010d&nbsp;<strong>pet<\/strong> organizacij, ki jim boste namenili skupno 1 % va\u0161e dohodnine. To dohodnino bi sicer pustili v dr\u017eavnem prora\u010dunu. Zato je donacija za vas <strong>brezpla\u010dna<\/strong>. Z donacijo pa boste&nbsp;<strong>omogo\u010dili<\/strong>, da bodo nevladne organizacije prispevale h&nbsp;<strong>kakovosti bivanja<\/strong>&nbsp;v na\u0161i dru\u017ebi.<\/p>\n<p>Nato izpolnite svoje podatke in podatke organizacij v za to namenjen obrazec. To lahko storite na ve\u010d na\u010dinov. V obrazcu dolo\u010dite, koliko boste namenili posamezni organizaciji \u2013 skupno najve\u010d&nbsp;<strong>1 %<\/strong>.<\/p>\n<\/div>\n<h4>Odlo\u010dite se za organizacijo<\/h4>\n<div>Seznam upravi\u010dencev dolo\u010di vlada na predlog Ministrstva za finance vsako leto do 31. julija za leto, za katero se namenja dohodnina. Dav\u010dni organ upo\u0161teva veljavne zahteve, s katerimi razpolaga na dan 31. decembra leta, za katero se dohodnina odmerja. Zahteva velja do trenutka, ko dav\u010dni organ prejeme novo zahtevo ali preklic zahteve.<br \/>\nKar <strong>40 %<\/strong>&nbsp;donacij smo dav\u010dni zavezanci v letu&nbsp;<strong>2007<\/strong>&nbsp;namenili organizacijam s podro\u010dja&nbsp;<strong>obrambe ter za\u0161\u010dite, re\u0161evanja in pomo\u010di<\/strong>.<\/div>\n<h4>Sporo\u010dite va\u0161o odlo\u010ditev!<\/h4>\n<div>\n<p>Sporo\u010dite, komu boste namenili 1 % dohodnine na naslednje na\u010dine:<\/p>\n<ol>\n<li><span class=\"check\">Izpolnite obrazec na spletni strani&nbsp;<\/span><a class=\"check\" href=\"http:\/\/edavki.durs.si\/OpenPortal\/Pages\/StartPage\/StartPage.aspx\" target=\"_blank\" rel=\"noopener noreferrer\">eDavki<\/a><span class=\"check\">.<\/span><\/li>\n<li><span class=\"arrow\">Natisnite&nbsp;<\/span><span class=\"arrow\">obrazec<\/span><span class=\"arrow\"><a href=\"https:\/\/20.79.180.122\/images\/stories\/dokumenti\/Dohodnina_Bizovik.pdf\">,<\/a>&nbsp;ga izpolnite, nato odnesite ali po\u0161ljite na&nbsp;<\/span>dav\u010dni urad<span class=\"arrow\">. (<a href=\"https:\/\/20.79.180.122\/wp-content\/uploads\/2021\/02\/dohodninaBizovik1.pdf\">obrazec<\/a>)<\/span><\/li>\n<li>Preko spletne strani eDonacije (https:\/\/www.edonacije.com\/)<\/li>\n<\/ol>\n<\/div>\n<div><span class=\"arrow\">&nbsp;<\/span>V kolikor, se boste odlo\u010dili, da namenite del dohodnine na\u0161emu dru\u0161tvu, se Vam \u017ee vnaprej zahvaljujemo. Pripravili smo obrazec, v katerega samo vpi\u0161ete Va\u0161e podatke, ter procent dohodnine, ki jo \u017eelite prispevati. Na\u0161e podatke smo vpisali mi.<\/div>\n<\/div>\n","protected":false},"excerpt":{"rendered":"<p>Kako podariti 1% dohodnine? Najprej se odlo\u010dite za do najve\u010d&nbsp;pet organizacij, ki jim boste namenili skupno 1 % va\u0161e dohodnine.<\/p>\n","protected":false},"author":6,"featured_media":1681,"parent":0,"menu_order":0,"comment_status":"closed","ping_status":"closed","template":"","meta":{"_monsterinsights_skip_tracking":false,"_monsterinsights_sitenote_active":false,"_monsterinsights_sitenote_note":"","_monsterinsights_sitenote_category":0,"ngg_post_thumbnail":0,"footnotes":""},"class_list":["post-2037","page","type-page","status-publish","has-post-thumbnail","hentry"],"aioseo_notices":[],"amp_enabled":true,"_links":{"self":[{"href":"https:\/\/pgd-bizovik.si\/index.php?rest_route=\/wp\/v2\/pages\/2037","targetHints":{"allow":["GET"]}}],"collection":[{"href":"https:\/\/pgd-bizovik.si\/index.php?rest_route=\/wp\/v2\/pages"}],"about":[{"href":"https:\/\/pgd-bizovik.si\/index.php?rest_route=\/wp\/v2\/types\/page"}],"author":[{"embeddable":true,"href":"https:\/\/pgd-bizovik.si\/index.php?rest_route=\/wp\/v2\/users\/6"}],"replies":[{"embeddable":true,"href":"https:\/\/pgd-bizovik.si\/index.php?rest_route=%2Fwp%2Fv2%2Fcomments&post=2037"}],"version-history":[{"count":12,"href":"https:\/\/pgd-bizovik.si\/index.php?rest_route=\/wp\/v2\/pages\/2037\/revisions"}],"predecessor-version":[{"id":2436,"href":"https:\/\/pgd-bizovik.si\/index.php?rest_route=\/wp\/v2\/pages\/2037\/revisions\/2436"}],"wp:featuredmedia":[{"embeddable":true,"href":"https:\/\/pgd-bizovik.si\/index.php?rest_route=\/wp\/v2\/media\/1681"}],"wp:attachment":[{"href":"https:\/\/pgd-bizovik.si\/index.php?rest_route=%2Fwp%2Fv2%2Fmedia&parent=2037"}],"curies":[{"name":"wp","href":"https:\/\/api.w.org\/{rel}","templated":true}]}}