{"id":1920,"date":"2020-05-02T16:31:19","date_gmt":"2020-05-02T14:31:19","guid":{"rendered":"https:\/\/20.79.180.122\/?page_id=1920"},"modified":"2025-02-26T16:03:38","modified_gmt":"2025-02-26T15:03:38","slug":"poveljstvo","status":"publish","type":"page","link":"https:\/\/pgd-bizovik.si\/?page_id=1920","title":{"rendered":"Poveljstvo"},"content":{"rendered":"<table style=\"height: 373px;\" width=\"710\">\n<tbody>\n<tr>\n<td width=\"254\">Poveljnik<\/td>\n<td width=\"246\">An\u017ee Hleb\u0161<\/td>\n<\/tr>\n<tr>\n<td width=\"254\">Namestnik poveljnika<\/td>\n<td width=\"246\">Rok Mustar<\/td>\n<\/tr>\n<tr>\n<td width=\"254\">Podpoveljnik<\/td>\n<td width=\"246\">Jure Dolinar<\/td>\n<\/tr>\n<tr>\n<td width=\"254\">Podpoveljnik<\/td>\n<td width=\"246\">Peter Dimnik<\/td>\n<\/tr>\n<tr>\n<td width=\"254\">Pomo\u010dnik poveljnika za PNMP<\/td>\n<td width=\"246\">Miha Somrak<\/td>\n<\/tr>\n<tr>\n<td width=\"254\">Pomo\u010dnica poveljnika za izolirne dihalne aparate<\/td>\n<td width=\"246\">Tina Hleb\u0161<\/td>\n<\/tr>\n<tr>\n<td width=\"254\">Vodja \u010dlanic<\/td>\n<td width=\"246\">Anja \u0160krjanec<\/td>\n<\/tr>\n<tr>\n<td width=\"254\">Pomo\u010dnik poveljnika za vaje<\/td>\n<td width=\"246\">Ale\u0161 Slapar<\/td>\n<\/tr>\n<tr>\n<td width=\"254\">Pomo\u010dnik poveljnika za zveze<\/td>\n<td width=\"246\">Jan Kregar<\/td>\n<\/tr>\n<tr>\n<td width=\"254\">Mentorica mladine<\/td>\n<td width=\"246\">Tina Hleb\u0161<\/td>\n<\/tr>\n<tr>\n<td width=\"254\">Strojnik<\/td>\n<td width=\"246\">Milan An\u017ei\u010d<\/td>\n<\/tr>\n<\/tbody>\n<\/table>\n","protected":false},"excerpt":{"rendered":"<p>Poveljnik An\u017ee Hleb\u0161 Namestnik poveljnika Rok Mustar Podpoveljnik Jure Dolinar Podpoveljnik Peter Dimnik Pomo\u010dnik poveljnika za PNMP Miha Somrak Pomo\u010dnica<\/p>\n","protected":false},"author":6,"featured_media":0,"parent":0,"menu_order":0,"comment_status":"closed","ping_status":"closed","template":"","meta":{"_monsterinsights_skip_tracking":false,"_monsterinsights_sitenote_active":false,"_monsterinsights_sitenote_note":"","_monsterinsights_sitenote_category":0,"ngg_post_thumbnail":0,"footnotes":""},"class_list":["post-1920","page","type-page","status-publish","hentry"],"aioseo_notices":[],"amp_enabled":true,"_links":{"self":[{"href":"https:\/\/pgd-bizovik.si\/index.php?rest_route=\/wp\/v2\/pages\/1920","targetHints":{"allow":["GET"]}}],"collection":[{"href":"https:\/\/pgd-bizovik.si\/index.php?rest_route=\/wp\/v2\/pages"}],"about":[{"href":"https:\/\/pgd-bizovik.si\/index.php?rest_route=\/wp\/v2\/types\/page"}],"author":[{"embeddable":true,"href":"https:\/\/pgd-bizovik.si\/index.php?rest_route=\/wp\/v2\/users\/6"}],"replies":[{"embeddable":true,"href":"https:\/\/pgd-bizovik.si\/index.php?rest_route=%2Fwp%2Fv2%2Fcomments&post=1920"}],"version-history":[{"count":16,"href":"https:\/\/pgd-bizovik.si\/index.php?rest_route=\/wp\/v2\/pages\/1920\/revisions"}],"predecessor-version":[{"id":3880,"href":"https:\/\/pgd-bizovik.si\/index.php?rest_route=\/wp\/v2\/pages\/1920\/revisions\/3880"}],"wp:attachment":[{"href":"https:\/\/pgd-bizovik.si\/index.php?rest_route=%2Fwp%2Fv2%2Fmedia&parent=1920"}],"curies":[{"name":"wp","href":"https:\/\/api.w.org\/{rel}","templated":true}]}}