{"id":1771,"date":"2020-05-01T20:08:09","date_gmt":"2020-05-01T18:08:09","guid":{"rendered":"https:\/\/20.79.180.122\/?page_id=1771"},"modified":"2024-02-14T23:19:40","modified_gmt":"2024-02-14T22:19:40","slug":"coln","status":"publish","type":"page","link":"https:\/\/pgd-bizovik.si\/?page_id=1771","title":{"rendered":"\u010coln"},"content":{"rendered":"<p style=\"background: white;\"><span style=\"font-family: 'Arial',sans-serif; color: #222222;\">Mestna ob\u010dina Ljubljana se zaveda na\u0161ega pomena delovanja, zato smo leta 2016 dobili nov \u010doln Whaly, z motorjem Mercury (30 konjskih mo\u010di)&nbsp;ter dva kompleta opreme za re\u0161evalca na vodi, ki dopolnjujeta 4 \u017ee obstoje\u010de komplete suhih oblek in neoprenov. \u010coln je lahek in iz trde plastike in je prakti\u010dno neuni\u010dljiv. Zaradi majhnega ugreza je re\u0161evanje la\u017eje, saj je primeren tudi za nizko vodo in te\u017eje dostopna obmo\u010dja, kar omogo\u010da re\u0161evalcem la\u017eji ter hitrej\u0161i pristop do ponesre\u010denca.<\/span><\/p>\n<p style=\"background: white;\"><span style=\"font-family: 'Arial',sans-serif; color: #222222;\">Na\u0161e delo s \u010dolnom obsega iskalne akcije pogre\u0161anih oseb v vodi, pomo\u010d ob poplavah, varovanje javnih prireditev ob vodi, ter vsakr\u0161no re\u0161evanje oseb, \u017eivali in ostalega premo\u017eenja iz vode\u2026 Na intervencije smo pozvani predvsem na podro\u010dja reke Ljubljanice,&nbsp;po potrebi tudi Save, Barja, v primeru ve\u010djih katastrof pa tudi v tujino (poplave v Srbiji 2014).<\/span><\/p>\n<p><img loading=\"lazy\" decoding=\"async\" class=\"wp-image-1900 aligncenter\" src=\"https:\/\/20.79.180.122\/wp-content\/uploads\/2020\/05\/received_1162197840513368-300x169.jpeg\" alt=\"\" width=\"620\" height=\"349\" srcset=\"https:\/\/pgd-bizovik.si\/wp-content\/uploads\/2020\/05\/received_1162197840513368-300x169.jpeg 300w, https:\/\/pgd-bizovik.si\/wp-content\/uploads\/2020\/05\/received_1162197840513368.jpeg 720w\" sizes=\"auto, (max-width: 620px) 100vw, 620px\" \/><\/p>\n","protected":false},"excerpt":{"rendered":"<p>Mestna ob\u010dina Ljubljana se zaveda na\u0161ega pomena delovanja, zato smo leta 2016 dobili nov \u010doln Whaly, z motorjem Mercury (30<\/p>\n","protected":false},"author":10,"featured_media":0,"parent":1583,"menu_order":0,"comment_status":"closed","ping_status":"closed","template":"","meta":{"_monsterinsights_skip_tracking":false,"_monsterinsights_sitenote_active":false,"_monsterinsights_sitenote_note":"","_monsterinsights_sitenote_category":0,"ngg_post_thumbnail":0,"footnotes":""},"class_list":["post-1771","page","type-page","status-publish","hentry"],"aioseo_notices":[],"amp_enabled":true,"_links":{"self":[{"href":"https:\/\/pgd-bizovik.si\/index.php?rest_route=\/wp\/v2\/pages\/1771","targetHints":{"allow":["GET"]}}],"collection":[{"href":"https:\/\/pgd-bizovik.si\/index.php?rest_route=\/wp\/v2\/pages"}],"about":[{"href":"https:\/\/pgd-bizovik.si\/index.php?rest_route=\/wp\/v2\/types\/page"}],"author":[{"embeddable":true,"href":"https:\/\/pgd-bizovik.si\/index.php?rest_route=\/wp\/v2\/users\/10"}],"replies":[{"embeddable":true,"href":"https:\/\/pgd-bizovik.si\/index.php?rest_route=%2Fwp%2Fv2%2Fcomments&post=1771"}],"version-history":[{"count":8,"href":"https:\/\/pgd-bizovik.si\/index.php?rest_route=\/wp\/v2\/pages\/1771\/revisions"}],"predecessor-version":[{"id":3839,"href":"https:\/\/pgd-bizovik.si\/index.php?rest_route=\/wp\/v2\/pages\/1771\/revisions\/3839"}],"up":[{"embeddable":true,"href":"https:\/\/pgd-bizovik.si\/index.php?rest_route=\/wp\/v2\/pages\/1583"}],"wp:attachment":[{"href":"https:\/\/pgd-bizovik.si\/index.php?rest_route=%2Fwp%2Fv2%2Fmedia&parent=1771"}],"curies":[{"name":"wp","href":"https:\/\/api.w.org\/{rel}","templated":true}]}}