{"id":1770,"date":"2020-05-01T20:08:09","date_gmt":"2020-05-01T18:08:09","guid":{"rendered":"https:\/\/20.79.180.122\/?page_id=1770"},"modified":"2020-05-02T17:13:36","modified_gmt":"2020-05-02T15:13:36","slug":"ac-24-130","status":"publish","type":"page","link":"https:\/\/pgd-bizovik.si\/?page_id=1770","title":{"rendered":"AC 24\/130"},"content":{"rendered":"<p>Ve\u010dji po\u017eari gospodarskih in industrijskih objektov, po\u017eari tovornjakov ali vlakovnih kompozicij ter po\u017eari v tunelih, so pokazali na podro\u010dju MO Ljubljana v sistemu javne gasilske slu\u017ebe, potrebo po \u0161e enem vozilu z ve\u010djo koli\u010dino vode. Prav tako smo ob poplavah ali nenadnih neurjih v preteklosti kaj hitro spoznali, da je lahko oskrba s pitno vodo kar pere\u010d problem. Pa tudi slab\u0161a vodovodna pokritost vzhodnega hribovitega predela Ljubljane (Jan\u010de, Pre\u017eganje, \u010ce\u0161njice\u2026) \u00bbolaj\u0161a\u00ab odlo\u010ditev o nakupu vozila s tako veliko koli\u010dino vode. Vozilo je tudi vklju\u010deno v sistem t.i. portalnih gasilcev in poglavitni namen je dovoz vode ob morebitnem po\u017earu v tunelu Golovec.<\/p>\n<p>Na za\u010detku smo se odlo\u010dili da najdemo ustrezno rabljeno podvozje, saj tako prihranimo kar nekaj denarja. A zahteve so bile manj kot 100.000 prevo\u017eenih kilometrov, starost maksimalno 4 leta. Po uspe\u0161nem nakupu vozila je sledil javni razpis za izdelovanje nadgradnje. Prijavil se je le en ponudnik in tako je bila odlo\u010ditev o izbiri toliko la\u017eja.<\/p>\n<table border=\"0\">\n<tbody>\n<tr>\n<td><strong>Naziv vozila:<\/strong>&nbsp;AC 24\/130<\/p>\n<p><strong>Posadka:<\/strong>&nbsp;1+2<\/p>\n<p><strong>Podvozje:<\/strong>&nbsp;MAN TGS 41.440 8&#215;4, letnik 2009<\/p>\n<p><strong>Dimenzije (\u0161\/d\/v):<\/strong>&nbsp;2550\/8438\/3265mm<\/p>\n<p><strong>Nadgradnja:<\/strong>&nbsp;<a href=\"http:\/\/www.eurogv.si\/\" target=\"_blank\" rel=\"noopener noreferrer\">Euro GV-WEBO<\/a>, 13.000l vode<\/p>\n<p><strong>\u010crpalka:<\/strong>&nbsp;<a href=\"http:\/\/www.iveco-magirus.net\/index.cfm?id=213&amp;prod_id=41\" target=\"_blank\" rel=\"noopener noreferrer\">Iveco Magirus MPN 230<\/a><\/p>\n<p><strong>Vodni monitor:<\/strong>&nbsp;<a href=\"http:\/\/www.pohorje-mirna.si\/novo\/katalog\/Pohorje-katalog.pdf\" target=\"_blank\" rel=\"noopener noreferrer\">POHORJE Mirna GT 2400<\/a>&nbsp;&#8211; 2400 l\/min, domet 45m<\/td>\n<td><strong>Agregat<\/strong>:&nbsp;<a href=\"http:\/\/www.wfm.it\/en\/\" target=\"_blank\" rel=\"noopener noreferrer\">WFM 3F 7kW<\/a><\/p>\n<p><strong>Prezra\u010devalnik:<\/strong>&nbsp;Gremlin 2, podtla\u010dni<\/p>\n<p><strong>Reflektor:<\/strong>&nbsp;<a href=\"http:\/\/www.fireresearch.com\/pdfs\/lit-spectra.pdf\" target=\"_blank\" rel=\"noopener noreferrer\">FRC spectra<\/a>&nbsp;20.000 lumnov, mobilni<\/p>\n<p><strong>Signalizacija:<\/strong>&nbsp;Whelen&nbsp;<a href=\"http:\/\/www.whelen.com\/pb\/Automotive\/ProductSheets\/Sirens_Switches_Speakers\/295_Siren_Series_Brochure.pdf\" target=\"_blank\" rel=\"noopener noreferrer\">295SLSE1<\/a>&nbsp;200W, 2x Whelen&nbsp;<a href=\"http:\/\/www.whelen.com\/pb\/Automotive\/ProductSheets\/Sirens_Switches_Speakers\/SA315_Speaker.pdf\" target=\"_blank\" rel=\"noopener noreferrer\">SA315<\/a>, Beam&nbsp;<a href=\"http:\/\/www.beam.it\/eng\/visuacatalogo.asp?cat=2\" target=\"_blank\" rel=\"noopener noreferrer\">402 Airhorn<\/a>,<\/p>\n<p>Haztec<a href=\"http:\/\/www.haztec.biz\/images\/downloads\/Xpert%20SL%20%20LED%20lightbar.pdf\" target=\"_blank\" rel=\"noopener noreferrer\">&nbsp;Xpert SL&nbsp;<\/a>LED blok, Code3<a href=\"http:\/\/www.code3pse.com\/products\/product_info\/Warn\/Interior_Lighting\/H_XT6\" target=\"_blank\" rel=\"noopener noreferrer\">&nbsp;XT6<\/a>, Haztec&nbsp;<a href=\"http:\/\/www.haztec.biz\/product\/353\/5-3745\" target=\"_blank\" rel=\"noopener noreferrer\">5-3745 Arrow<\/a>, MOTOROLA&nbsp;<a href=\"http:\/\/www.motorola.com\/Business\/XU-EN\/Product+Lines\/MOTOTRBO\/DM4000+Series+Mobile+Radios\/DM4600_DM4601#specs_tab\" target=\"_blank\" rel=\"noopener noreferrer\">DM4600<\/a><\/p>\n<p><strong>Lestev:<\/strong>&nbsp;tridelna raztegljiva lestev s podporniki&nbsp;<a href=\"http:\/\/www.steigtechnik.de\/\">G\u00fcnzburger Steigtechnik<\/a><\/p>\n<p><strong>Ostala oprema po&nbsp;<a href=\"http:\/\/www.gasilec.net\/uploads\/datoteke\/MarkoM\/Microsoft%20Word%20-%20Tipizacija%20gasilskih%20vozil_nova%20%202014.pdf\">tipizaciji GZS<\/a><\/strong><\/td>\n<\/tr>\n<\/tbody>\n<\/table>\n<p><img loading=\"lazy\" decoding=\"async\" class=\"wp-image-380 aligncenter\" src=\"https:\/\/20.79.180.122\/wp-content\/uploads\/2015\/03\/AC-24-130-300x181.jpg\" alt=\"\" width=\"739\" height=\"446\" srcset=\"https:\/\/pgd-bizovik.si\/wp-content\/uploads\/2015\/03\/AC-24-130-300x181.jpg 300w, https:\/\/pgd-bizovik.si\/wp-content\/uploads\/2015\/03\/AC-24-130-768x462.jpg 768w, https:\/\/pgd-bizovik.si\/wp-content\/uploads\/2015\/03\/AC-24-130.jpg 949w\" sizes=\"auto, (max-width: 739px) 100vw, 739px\" \/><\/p>\n","protected":false},"excerpt":{"rendered":"<p>Ve\u010dji po\u017eari gospodarskih in industrijskih objektov, po\u017eari tovornjakov ali vlakovnih kompozicij ter po\u017eari v tunelih, so pokazali na podro\u010dju MO<\/p>\n","protected":false},"author":10,"featured_media":0,"parent":1583,"menu_order":0,"comment_status":"closed","ping_status":"closed","template":"","meta":{"_monsterinsights_skip_tracking":false,"_monsterinsights_sitenote_active":false,"_monsterinsights_sitenote_note":"","_monsterinsights_sitenote_category":0,"ngg_post_thumbnail":0,"footnotes":""},"class_list":["post-1770","page","type-page","status-publish","hentry"],"aioseo_notices":[],"amp_enabled":true,"_links":{"self":[{"href":"https:\/\/pgd-bizovik.si\/index.php?rest_route=\/wp\/v2\/pages\/1770","targetHints":{"allow":["GET"]}}],"collection":[{"href":"https:\/\/pgd-bizovik.si\/index.php?rest_route=\/wp\/v2\/pages"}],"about":[{"href":"https:\/\/pgd-bizovik.si\/index.php?rest_route=\/wp\/v2\/types\/page"}],"author":[{"embeddable":true,"href":"https:\/\/pgd-bizovik.si\/index.php?rest_route=\/wp\/v2\/users\/10"}],"replies":[{"embeddable":true,"href":"https:\/\/pgd-bizovik.si\/index.php?rest_route=%2Fwp%2Fv2%2Fcomments&post=1770"}],"version-history":[{"count":4,"href":"https:\/\/pgd-bizovik.si\/index.php?rest_route=\/wp\/v2\/pages\/1770\/revisions"}],"predecessor-version":[{"id":1879,"href":"https:\/\/pgd-bizovik.si\/index.php?rest_route=\/wp\/v2\/pages\/1770\/revisions\/1879"}],"up":[{"embeddable":true,"href":"https:\/\/pgd-bizovik.si\/index.php?rest_route=\/wp\/v2\/pages\/1583"}],"wp:attachment":[{"href":"https:\/\/pgd-bizovik.si\/index.php?rest_route=%2Fwp%2Fv2%2Fmedia&parent=1770"}],"curies":[{"name":"wp","href":"https:\/\/api.w.org\/{rel}","templated":true}]}}