{"id":1589,"date":"2020-05-01T14:06:37","date_gmt":"2020-05-01T12:06:37","guid":{"rendered":"https:\/\/20.79.180.122\/?page_id=1589"},"modified":"2020-05-02T22:00:14","modified_gmt":"2020-05-02T20:00:14","slug":"oprema","status":"publish","type":"page","link":"https:\/\/pgd-bizovik.si\/?page_id=1589","title":{"rendered":"Oprema"},"content":{"rendered":"<p>\u010celada glavo gasilca \u0161\u010diti pred visokimi temperaturami in padajo\u010dimi predmeti. Z dodatki, kot sta vratna zavesa in vizir, pa ustrezno za\u0161\u010diti tudi vrat in obrazni del.<\/p>\n<p>&nbsp;<img decoding=\"async\" src=\"images\/stories\/oprema\/podkape.png\" alt=\"\">Za\u0161\u010ditna podkapa je namenjena za\u0161\u010diti glave pred visoko vro\u010dino in odvajanju vlage. Posamezni deli telesa so pred vro\u010dino za\u0161\u010diteni z obleko, rokavicami, \u0161kornji. Ob posredovanju v po\u017earu nam obraz za\u0161\u010diti obrazna maska izolirnega dihalnega aparata. Naloga za\u0161\u010ditne podkape pa je, da poskrbi za za\u0161\u010dito \u0161e preostalih golih delov telesa (glava, vrat, u\u0161esa). Izdelane so iz razli\u010dnih, negorljivih materialov (nomex, aramid, karbonizirana vlakna,&#8230;)&nbsp;<\/p>\n<p><img decoding=\"async\" src=\"images\/stories\/oprema\/Rokavice.png\" alt=\"\">Gasilci obi\u010dajno dogodke delimo na po\u017earne in tehni\u010dne dogodke. Ravno tako pa se glede na dogodek razlikuje tudi na\u0161a osebna za\u0161\u010ditna oprema. V kolikor posredujemo v po\u017earnih dogodkih, za za\u0161\u010dito rok potrebujemo rokavice, ki nas varujejo pred vro\u010dino, urezom, in do neke mere tudi ne prepu\u0161\u010dajo vode. Zato so obi\u010dajno te rokavice debelej\u0161e. V primeru posredovanja ob tehni\u010dnih dogodkih (poplave, \u017eled, poru\u0161itve,&#8230;), ko nam ne pretijo visoke temperature, pa uporabljamo tanj\u0161e rokavice, katere nas varujejo predvsem pred urezom in odrgninami.<\/p>\n<p>Za\u0161\u010ditne obleke se razlikujejo glede na to, za katere dogodke jo potrebujemo. V PGD Bizovik so za\u0161\u010ditne obleke za posredovanje ob po\u017earu zadol\u017eene posamezniku kot osebna za\u0161\u010ditna oprema.<\/p>\n<div>Ostale za\u0161\u010ditne obleke (kombinezoni, obleke za re\u0161evanje na vodi,&#8230;) pa spadajo v skupino skupna za\u0161\u010ditna oprema in jo uporabi vsak posameznik po potrebi.<\/div>\n<div>Za\u0161\u010ditne obleke za posredovanje ob po\u017earu gasilca \u0161\u010ditijo pred vro\u010dino, do dolo\u010dene mere tudi ne prepu\u0161\u010dajo vode. Skrbijo, da gasilec lahko kar se da varno opravlja svoje delo ter se obenem ne po\u0161koduje.<\/div>\n","protected":false},"excerpt":{"rendered":"<p>\u010celada glavo gasilca \u0161\u010diti pred visokimi temperaturami in padajo\u010dimi predmeti. Z dodatki, kot sta vratna zavesa in vizir, pa ustrezno<\/p>\n","protected":false},"author":10,"featured_media":737,"parent":0,"menu_order":0,"comment_status":"closed","ping_status":"closed","template":"","meta":{"_monsterinsights_skip_tracking":false,"_monsterinsights_sitenote_active":false,"_monsterinsights_sitenote_note":"","_monsterinsights_sitenote_category":0,"ngg_post_thumbnail":0,"footnotes":""},"class_list":["post-1589","page","type-page","status-publish","has-post-thumbnail","hentry"],"aioseo_notices":[],"amp_enabled":true,"_links":{"self":[{"href":"https:\/\/pgd-bizovik.si\/index.php?rest_route=\/wp\/v2\/pages\/1589","targetHints":{"allow":["GET"]}}],"collection":[{"href":"https:\/\/pgd-bizovik.si\/index.php?rest_route=\/wp\/v2\/pages"}],"about":[{"href":"https:\/\/pgd-bizovik.si\/index.php?rest_route=\/wp\/v2\/types\/page"}],"author":[{"embeddable":true,"href":"https:\/\/pgd-bizovik.si\/index.php?rest_route=\/wp\/v2\/users\/10"}],"replies":[{"embeddable":true,"href":"https:\/\/pgd-bizovik.si\/index.php?rest_route=%2Fwp%2Fv2%2Fcomments&post=1589"}],"version-history":[{"count":4,"href":"https:\/\/pgd-bizovik.si\/index.php?rest_route=\/wp\/v2\/pages\/1589\/revisions"}],"predecessor-version":[{"id":2061,"href":"https:\/\/pgd-bizovik.si\/index.php?rest_route=\/wp\/v2\/pages\/1589\/revisions\/2061"}],"wp:featuredmedia":[{"embeddable":true,"href":"https:\/\/pgd-bizovik.si\/index.php?rest_route=\/wp\/v2\/media\/737"}],"wp:attachment":[{"href":"https:\/\/pgd-bizovik.si\/index.php?rest_route=%2Fwp%2Fv2%2Fmedia&parent=1589"}],"curies":[{"name":"wp","href":"https:\/\/api.w.org\/{rel}","templated":true}]}}