{"id":1588,"date":"2020-05-01T14:06:37","date_gmt":"2020-05-01T12:06:37","guid":{"rendered":"https:\/\/20.79.180.122\/?page_id=1588"},"modified":"2026-01-27T17:56:58","modified_gmt":"2026-01-27T16:56:58","slug":"vodstvo-upravni-odbor","status":"publish","type":"page","link":"https:\/\/pgd-bizovik.si\/?page_id=1588","title":{"rendered":"Vodstvo"},"content":{"rendered":"<p><strong>Upravni odbor<\/strong><\/p>\n<table style=\"height: 326px;\" width=\"453\">\n<tbody>\n<tr>\n<td width=\"372\">Predsednik<\/td>\n<td width=\"185\">Robi Humek<\/td>\n<\/tr>\n<tr>\n<td width=\"372\">Namestnik predsednika<\/td>\n<td width=\"185\">Ga\u0161per \u0160krjanec<\/td>\n<\/tr>\n<tr>\n<td width=\"372\">Poveljnik<\/td>\n<td width=\"185\">An\u017ee Hleb\u0161<\/td>\n<\/tr>\n<tr>\n<td width=\"372\">Namestnik poveljnika<\/td>\n<td width=\"185\">Rok Mustar<\/td>\n<\/tr>\n<tr>\n<td width=\"372\">Podpoveljnik<\/td>\n<td width=\"185\">Jure Dolinar<\/td>\n<\/tr>\n<tr>\n<td width=\"372\">Blagajnik<\/td>\n<td width=\"185\">Miha Somrak<\/td>\n<\/tr>\n<tr>\n<td width=\"372\">Tajnica<\/td>\n<td width=\"185\">Iva Rusjan<\/td>\n<\/tr>\n<tr>\n<td width=\"372\">Mentorica mladine<\/td>\n<td width=\"185\">Tina Hleb\u0161<\/td>\n<\/tr>\n<tr>\n<td width=\"372\">Referentka za izobra\u017eevanje<\/td>\n<td width=\"185\">\u0160pela \u0160kulj<\/td>\n<\/tr>\n<tr>\n<td width=\"372\">Orodjar<\/td>\n<td width=\"185\">Milan An\u017ei\u010d<\/td>\n<\/tr>\n<tr>\n<td width=\"372\">Gospodar<\/td>\n<td width=\"185\">Borut \u0160imenc<\/td>\n<\/tr>\n<\/tbody>\n<\/table>\n<p><strong>Nadzorni odbor<\/strong><\/p>\n<table style=\"height: 139px;\" width=\"257\">\n<tbody>\n<tr>\n<td width=\"172\">Ale\u0161 Slapar- predsednik NO<\/td>\n<\/tr>\n<tr>\n<td width=\"172\">Bo\u0161tjan Mravlje<\/td>\n<\/tr>\n<tr>\n<td width=\"172\">Ale\u0161 Dimnik ml.<\/td>\n<\/tr>\n<\/tbody>\n<\/table>\n","protected":false},"excerpt":{"rendered":"<p>Upravni odbor Predsednik Robi Humek Namestnik predsednika Ga\u0161per \u0160krjanec Poveljnik An\u017ee Hleb\u0161 Namestnik poveljnika Rok Mustar Podpoveljnik Jure Dolinar Blagajnik<\/p>\n","protected":false},"author":10,"featured_media":0,"parent":1581,"menu_order":0,"comment_status":"closed","ping_status":"closed","template":"","meta":{"_monsterinsights_skip_tracking":false,"_monsterinsights_sitenote_active":false,"_monsterinsights_sitenote_note":"","_monsterinsights_sitenote_category":0,"ngg_post_thumbnail":0,"footnotes":""},"class_list":["post-1588","page","type-page","status-publish","hentry"],"aioseo_notices":[],"amp_enabled":true,"_links":{"self":[{"href":"https:\/\/pgd-bizovik.si\/index.php?rest_route=\/wp\/v2\/pages\/1588","targetHints":{"allow":["GET"]}}],"collection":[{"href":"https:\/\/pgd-bizovik.si\/index.php?rest_route=\/wp\/v2\/pages"}],"about":[{"href":"https:\/\/pgd-bizovik.si\/index.php?rest_route=\/wp\/v2\/types\/page"}],"author":[{"embeddable":true,"href":"https:\/\/pgd-bizovik.si\/index.php?rest_route=\/wp\/v2\/users\/10"}],"replies":[{"embeddable":true,"href":"https:\/\/pgd-bizovik.si\/index.php?rest_route=%2Fwp%2Fv2%2Fcomments&post=1588"}],"version-history":[{"count":12,"href":"https:\/\/pgd-bizovik.si\/index.php?rest_route=\/wp\/v2\/pages\/1588\/revisions"}],"predecessor-version":[{"id":3927,"href":"https:\/\/pgd-bizovik.si\/index.php?rest_route=\/wp\/v2\/pages\/1588\/revisions\/3927"}],"up":[{"embeddable":true,"href":"https:\/\/pgd-bizovik.si\/index.php?rest_route=\/wp\/v2\/pages\/1581"}],"wp:attachment":[{"href":"https:\/\/pgd-bizovik.si\/index.php?rest_route=%2Fwp%2Fv2%2Fmedia&parent=1588"}],"curies":[{"name":"wp","href":"https:\/\/api.w.org\/{rel}","templated":true}]}}