{"id":1584,"date":"2020-05-01T14:06:37","date_gmt":"2020-05-01T12:06:37","guid":{"rendered":"https:\/\/20.79.180.122\/?page_id=1584"},"modified":"2024-02-14T23:30:16","modified_gmt":"2024-02-14T22:30:16","slug":"zgodovina","status":"publish","type":"page","link":"https:\/\/pgd-bizovik.si\/?page_id=1584","title":{"rendered":"Zgodovina"},"content":{"rendered":"<p>V zadnjem \u010detrtletju 19. stoletja se je gasilstvo vse bolj \u0161irilo v okolici Ljubljane in leta 1884, kmalu za Ljubljano in Vi\u010dem, so ustanovili tudi v Bizoviku Prostovoljno po\u017earno brambo.<\/p>\n<p>Takoj po ustanovitvi so pri\u010deli z zbiranjem sredstev za nabavo najnujnej\u0161ega orodja in opreme in \u0161e istega leta kupili vodno batno \u010drpalko, za katero so se nekateri \u010dlani tudi izurili<br \/>\nPrvo shrambo orodja so imeli kar pri na\u010delniku Babniku, po doma\u010de \u00bbPri Poga\u010darjevih\u00ab, ki je v te namene odstopil del ka\u0161\u010de.<br \/>\nIsto\u010dasno so za\u010deli zbirati sredstva tudi za gradnjo gasilskega doma, kar pa se je nekoliko zavleklo, zato je bil dom na zemlji\u0161\u010du pod va\u0161ko cerkvijo zgrajen \u0161ele leta 1901. Nadstropna stavba je bila zidana, poleg nje pa je bil postavljen tudi lesen stolp za su\u0161enje cevi in vadbo. V bli\u017eini doma so skopali \u0161e vodnjak, iz katerega so \u010drpali vodo za gasilske vaje, prav pa je pri\u0161el tudi za ga\u0161enje morebitnih po\u017earov v okolici.<\/p>\n<p>Tudi Bizovi\u010dani so se v kasnej\u0161ih letih trudili, da so si, poleg urjenja \u010dlanstva in opravljanja svoje osnovne dejavnosti, posodabljali orodje, opremo in prostore dru\u0161tva. Tako so \u017ee leta 1927 kupili vpre\u017eni voz, voz za prevoz mo\u0161tva in motorno \u010drpalko Rosenbauer, ki \u0161e vedno brezhibno deluje.<br \/>\nLeta 1932 pa so adaptirali dom in kupili poltovorni avtomobil Ford za prevoz \u010drpalke in \u0161estih gasilcev.<\/p>\n<p>Podobno kot v drugih gasilskih dru\u0161tvih so se tudi v Bizoviku, poleg gasilskih, ukvarjali \u0161e z drugimi dejavnostmi \u2013 zlasti kulturno prosvetnimi. Tako so v okviru Prostovoljne gasilske \u010dete Bizovik leta 1933 ustanovili dramsko skupino, ki je z ljudskimi igrami nastopala tudi po okoli\u0161kih krajih.<\/p>\n<p>Najve\u010dji dose\u017eek \u010dlanov dru\u0161tva po drugi svetovni vojni je bil nov gasilski dom, ki je bil dograjen leta 1974. Dom so leta 1996 \u0161e raz\u0161irili in ga okrasili s fresko sv. Florijana.<br \/>\nGasilski dom slu\u017ei ne samo razvejani dejavnosti dru\u0161tva ampak se v njegovi dvorani odvijajo tudi razne kulturne in dru\u017eabne prireditve v dobrobit krajanom. Tu svoja predavanja \u2013 \u0161olanja organizira tudi Gasilska zveza Ljubljana.<\/p>\n<p>Dru\u0161tvo od leta 1995 izdaja svoje glasilo Bizovi\u0161ki gasilec, ki ga brezpla\u010dno razdeli krajanom v svojem po\u017earnem obmo\u010dju.<\/p>\n<p>\u010clanstvo si je ves \u010das prizadevalo za posodobitev in obogatitev gasilske opreme. Vozni park sedaj sestavljajo vozila GVM-1, GVC 16\/25 in AC 24\/130. Poleg vozil imamo tudi motorni \u010doln in prikolico za prevoz opreme.<\/p>\n<p>\u010clanstvo se redno izobra\u017euje, saj se zavedamo, da nista pomembna samo dobra oprema in najnovej\u0161a vozila ampak tudi znanje. Z danimi sredstvi kar najuspe\u0161neje pomagamo ob raznih nesre\u010dah \u2013 tako pri po\u017earih kot pri vremenskih ujmah.<br \/>\nStrojniki, nosilci izolirnega dihalnega aparata, re\u0161evalci ob nesre\u010dah z nevarnimi snovmi, re\u0161evalci na vodi, voditelji \u010dolna, potaplja\u010di, tehni\u010dni re\u0161evalci, in\u0161truktorji, predavatelji, informatiki, bolni\u010darji\u2026vsa ta znanja lahko najdemo med \u010dlani in kar nekaj jih ima opravljeno tudi mednarodno licenco nudenja prve nujne medicinske pomo\u010di ITLS.<br \/>\nZnanje radi delimo naprej, kar smo s prikazom temeljnih postopkov o\u017eivljanja in uporabo avtomatskega defibrilatorja ob\u010danom ve\u010dkrat pokazali.<\/p>\n<p>Skupaj s poklicno enoto Gasilsko brigado Ljubljana in preostalimi 35 prostovoljnimi gasilskimi dru\u0161tvi sestavlja poenoteno Javno gasilsko slu\u017ebo Mestne ob\u010dine Ljubljana.<br \/>\nDru\u0161tvo je vklju\u010deno tudi v projekt Uprave republike Slovenije za za\u0161\u010dito in re\u0161evanje Portalni gasilci, v katerem je dolo\u010deno za pomo\u010d pri posredovanju ob morebitni nezgodi v predoru Golovec.<\/p>\n<p>PGD Bizovik je eno dejavnej\u0161ih dru\u0161tev na podro\u010dju Ljubljane, saj je \u0161tevil\u010dno mo\u010dno. Z dobrim delom mladine in vsakoletno visoko uvrstitvijo na lestvici to\u010dkovanja GZL dokazuje, da je dru\u0161tvo uspe\u0161no.<\/p>\n","protected":false},"excerpt":{"rendered":"<p>V zadnjem \u010detrtletju 19. stoletja se je gasilstvo vse bolj \u0161irilo v okolici Ljubljane in leta 1884, kmalu za Ljubljano<\/p>\n","protected":false},"author":10,"featured_media":374,"parent":1581,"menu_order":0,"comment_status":"closed","ping_status":"closed","template":"","meta":{"_monsterinsights_skip_tracking":false,"_monsterinsights_sitenote_active":false,"_monsterinsights_sitenote_note":"","_monsterinsights_sitenote_category":0,"ngg_post_thumbnail":0,"footnotes":""},"class_list":["post-1584","page","type-page","status-publish","has-post-thumbnail","hentry"],"aioseo_notices":[],"amp_enabled":true,"_links":{"self":[{"href":"https:\/\/pgd-bizovik.si\/index.php?rest_route=\/wp\/v2\/pages\/1584","targetHints":{"allow":["GET"]}}],"collection":[{"href":"https:\/\/pgd-bizovik.si\/index.php?rest_route=\/wp\/v2\/pages"}],"about":[{"href":"https:\/\/pgd-bizovik.si\/index.php?rest_route=\/wp\/v2\/types\/page"}],"author":[{"embeddable":true,"href":"https:\/\/pgd-bizovik.si\/index.php?rest_route=\/wp\/v2\/users\/10"}],"replies":[{"embeddable":true,"href":"https:\/\/pgd-bizovik.si\/index.php?rest_route=%2Fwp%2Fv2%2Fcomments&post=1584"}],"version-history":[{"count":4,"href":"https:\/\/pgd-bizovik.si\/index.php?rest_route=\/wp\/v2\/pages\/1584\/revisions"}],"predecessor-version":[{"id":3840,"href":"https:\/\/pgd-bizovik.si\/index.php?rest_route=\/wp\/v2\/pages\/1584\/revisions\/3840"}],"up":[{"embeddable":true,"href":"https:\/\/pgd-bizovik.si\/index.php?rest_route=\/wp\/v2\/pages\/1581"}],"wp:featuredmedia":[{"embeddable":true,"href":"https:\/\/pgd-bizovik.si\/index.php?rest_route=\/wp\/v2\/media\/374"}],"wp:attachment":[{"href":"https:\/\/pgd-bizovik.si\/index.php?rest_route=%2Fwp%2Fv2%2Fmedia&parent=1584"}],"curies":[{"name":"wp","href":"https:\/\/api.w.org\/{rel}","templated":true}]}}