{"id":1581,"date":"2020-05-01T14:06:37","date_gmt":"2020-05-01T12:06:37","guid":{"rendered":"https:\/\/20.79.180.122\/?page_id=1581"},"modified":"2020-05-02T17:06:32","modified_gmt":"2020-05-02T15:06:32","slug":"o-nas","status":"publish","type":"page","link":"https:\/\/pgd-bizovik.si\/?page_id=1581","title":{"rendered":"O nas"},"content":{"rendered":"<p>PGD Bizovik je na osnovi izra\u010duna po\u017earne nevarnosti razporejeno v III. kategorijo, kar pomeni, da ob opremi in tehniki, ki jo ta trenutek posreduje, mora delovati vsaj z 32 operativnimi \u010dlani. Zahtevo dru\u0161tvo krepko presega.&nbsp;Pokrivamo obmo\u010dje: Bizovika, del Dobrunj, Hru\u0161ico, Gmajno, Fu\u017eine in del \u0160tepanjskega naselja.<\/p>\n<p>Poziv na intervencijo najve\u010dkrat pride preko pozivnikov in preko sms sporo\u010dil. Glede na vrsto intervencije se vodja odlo\u010da za uporabo vozil in tehnike. Na razpolago imamo tri vozila in \u010doln za re\u0161evanje iz vode. Vodja intervencije tudi odreja posameznike za izvajanje dolo\u010denih nalog na intervenciji glede na usposobljenost in iz\u0161olano specialnost, nenazadnje tudi glede na izku\u0161enost.<\/p>\n<p>Vrste intervencij enote vadijo preko celega leta, tako prakti\u010dno, kot teoreti\u010dno. Udele\u017ebe na intervencijah pa se tudi redno sporo\u010dajo na Center&nbsp;za obve\u0161\u010danje in Gasilsko brigado Ljubljana. Raznolikost po\u017earnega obmocja na na\u0161em obmo\u010dju nas sili, da smo pripravljeni za razli\u010dne vrste po\u017earov kot tudi naravne nesre\u010de. Gori nam lahko v 12. nadstropju stolpnice, ali pa v njeni kleti. Gori lahko bencinska \u010drpalka ali nedostopni del sredi gozda. Ljubljanica nas opozarja, da je potencialna nevarnost tudi voda. Avtocesta pa zahteva \u0161e operacije na mostu in v predoru, s tem pa tudi dodatna znanja. Industrija sicer ni mo\u010dna, je pa zelo raznolika (Totra in Olma) na obeh bregovih Ljubljanice. Ne moremo seveda izklju\u010diti niti elementarnih nesre\u010d.<\/p>\n<p>Glede na obseg in vrsto po\u017eara se izbere(jo) vozila med GVM-1, GVC 16\/25 in AC 24\/130 z ustrezno pripadajo\u010do opremo.<\/p>\n<p><img loading=\"lazy\" decoding=\"async\" class=\" wp-image-1938\" src=\"https:\/\/20.79.180.122\/wp-content\/uploads\/2020\/05\/vozila-4-300x184.jpg\" alt=\"\" width=\"802\" height=\"492\" srcset=\"https:\/\/pgd-bizovik.si\/wp-content\/uploads\/2020\/05\/vozila-4-300x184.jpg 300w, https:\/\/pgd-bizovik.si\/wp-content\/uploads\/2020\/05\/vozila-4-768x470.jpg 768w, https:\/\/pgd-bizovik.si\/wp-content\/uploads\/2020\/05\/vozila-4-1536x940.jpg 1536w, https:\/\/pgd-bizovik.si\/wp-content\/uploads\/2020\/05\/vozila-4-2048x1253.jpg 2048w\" sizes=\"auto, (max-width: 802px) 100vw, 802px\" \/><\/p>\n<p>&nbsp;<\/p>\n<p>&nbsp;<\/p>\n","protected":false},"excerpt":{"rendered":"<p>PGD Bizovik je na osnovi izra\u010duna po\u017earne nevarnosti razporejeno v III. kategorijo, kar pomeni, da ob opremi in tehniki, ki<\/p>\n","protected":false},"author":10,"featured_media":0,"parent":0,"menu_order":0,"comment_status":"closed","ping_status":"closed","template":"","meta":{"_monsterinsights_skip_tracking":false,"_monsterinsights_sitenote_active":false,"_monsterinsights_sitenote_note":"","_monsterinsights_sitenote_category":0,"ngg_post_thumbnail":0,"footnotes":""},"class_list":["post-1581","page","type-page","status-publish","hentry"],"aioseo_notices":[],"amp_enabled":true,"_links":{"self":[{"href":"https:\/\/pgd-bizovik.si\/index.php?rest_route=\/wp\/v2\/pages\/1581","targetHints":{"allow":["GET"]}}],"collection":[{"href":"https:\/\/pgd-bizovik.si\/index.php?rest_route=\/wp\/v2\/pages"}],"about":[{"href":"https:\/\/pgd-bizovik.si\/index.php?rest_route=\/wp\/v2\/types\/page"}],"author":[{"embeddable":true,"href":"https:\/\/pgd-bizovik.si\/index.php?rest_route=\/wp\/v2\/users\/10"}],"replies":[{"embeddable":true,"href":"https:\/\/pgd-bizovik.si\/index.php?rest_route=%2Fwp%2Fv2%2Fcomments&post=1581"}],"version-history":[{"count":3,"href":"https:\/\/pgd-bizovik.si\/index.php?rest_route=\/wp\/v2\/pages\/1581\/revisions"}],"predecessor-version":[{"id":1939,"href":"https:\/\/pgd-bizovik.si\/index.php?rest_route=\/wp\/v2\/pages\/1581\/revisions\/1939"}],"wp:attachment":[{"href":"https:\/\/pgd-bizovik.si\/index.php?rest_route=%2Fwp%2Fv2%2Fmedia&parent=1581"}],"curies":[{"name":"wp","href":"https:\/\/api.w.org\/{rel}","templated":true}]}}